{"id":4566,"date":"2016-07-18T00:04:25","date_gmt":"2016-07-17T22:04:25","guid":{"rendered":"http:\/\/www.trialkleigroeve.be\/fr\/?page_id=4566"},"modified":"2019-07-15T19:23:56","modified_gmt":"2019-07-15T17:23:56","slug":"inscription-camping","status":"publish","type":"page","link":"https:\/\/www.trialkleigroeve.be\/fr\/inscription-camping\/","title":{"rendered":"Inscription Camping"},"content":{"rendered":"<section class=\"l-section wpb_row height_medium\"><div class=\"l-section-h i-cf\"><div class=\"g-cols vc_row via_flex valign_top type_default stacking_default\"><div class=\"vc_col-sm-9 wpb_column vc_column_container\"><div class=\"vc_column-inner\"><div class=\"wpb_wrapper\"><p>Les inscriptions sont termin\u00e9es. L'ann\u00e9e prochaine, vous \u00eates toujours les bienvenus pour la prochaine \u00e9dition du Trial Kleigroeve.<\/p><div class=\"wpb_text_column\"><div class=\"wpb_wrapper\"><p> &#8230; <\/p>\n<\/div><\/div><\/div><\/div><\/div><div class=\"vc_col-sm-3 wpb_column vc_column_container\"><div class=\"vc_column-inner\"><div class=\"wpb_wrapper\"><div class=\"w-image align_none\"><div class=\"w-image-h\"><img decoding=\"async\" width=\"300\" height=\"300\" src=\"https:\/\/www.trialkleigroeve.be\/wp-content\/uploads\/2015\/06\/kamce-logo-300x3002.jpg\" class=\"attachment-full size-full\" alt=\"\" loading=\"lazy\" srcset=\"https:\/\/www.trialkleigroeve.be\/wp-content\/uploads\/2015\/06\/kamce-logo-300x3002.jpg 300w, https:\/\/www.trialkleigroeve.be\/wp-content\/uploads\/2015\/06\/kamce-logo-300x3002-150x150.jpg 150w\" sizes=\"(max-width: 300px) 100vw, 300px\" \/><\/div><\/div><div class=\"wpb_text_column\"><div class=\"wpb_wrapper\"><p> &#8230; <\/p>\n<\/div><\/div><\/div><\/div><\/div><\/div><\/div><\/section>\n","protected":false},"excerpt":{"rendered":"Une erreur s\u2019est produite lors de votre envoi. Veuillez v\u00e9rifier les champs ci-dessous. Envoyer &#916; &#8230; &#8230;","protected":false},"author":1,"featured_media":0,"parent":0,"menu_order":0,"comment_status":"closed","ping_status":"closed","template":"","meta":{"ngg_post_thumbnail":0,"footnotes":""},"_links":{"self":[{"href":"https:\/\/www.trialkleigroeve.be\/fr\/wp-json\/wp\/v2\/pages\/4566"}],"collection":[{"href":"https:\/\/www.trialkleigroeve.be\/fr\/wp-json\/wp\/v2\/pages"}],"about":[{"href":"https:\/\/www.trialkleigroeve.be\/fr\/wp-json\/wp\/v2\/types\/page"}],"author":[{"embeddable":true,"href":"https:\/\/www.trialkleigroeve.be\/fr\/wp-json\/wp\/v2\/users\/1"}],"replies":[{"embeddable":true,"href":"https:\/\/www.trialkleigroeve.be\/fr\/wp-json\/wp\/v2\/comments?post=4566"}],"version-history":[{"count":6,"href":"https:\/\/www.trialkleigroeve.be\/fr\/wp-json\/wp\/v2\/pages\/4566\/revisions"}],"predecessor-version":[{"id":5362,"href":"https:\/\/www.trialkleigroeve.be\/fr\/wp-json\/wp\/v2\/pages\/4566\/revisions\/5362"}],"wp:attachment":[{"href":"https:\/\/www.trialkleigroeve.be\/fr\/wp-json\/wp\/v2\/media?parent=4566"}],"curies":[{"name":"wp","href":"https:\/\/api.w.org\/{rel}","templated":true}]}}