{"id":4267,"date":"2015-07-16T22:31:35","date_gmt":"2015-07-16T20:31:35","guid":{"rendered":"http:\/\/www.trialkleigroeve.be\/?page_id=4267"},"modified":"2023-08-06T11:26:32","modified_gmt":"2023-08-06T09:26:32","slug":"info","status":"publish","type":"page","link":"https:\/\/www.trialkleigroeve.be\/fr\/info\/","title":{"rendered":"Info"},"content":{"rendered":"<section class=\"l-section wpb_row height_auto width_full\"><div class=\"l-section-h i-cf\"><div class=\"g-cols vc_row via_flex valign_top type_default stacking_default\"><div class=\"vc_col-sm-12 wpb_column vc_column_container\"><div class=\"vc_column-inner\"><div class=\"wpb_wrapper\">[rev_slider_vc alias=&nbsp;&raquo;info&nbsp;&raquo;]<\/div><\/div><\/div><\/div><\/div><\/section><section class=\"l-section wpb_row height_medium\"><div class=\"l-section-h i-cf\"><div class=\"g-cols vc_row via_flex valign_top type_default stacking_default\"><div class=\"vc_col-sm-12 wpb_column vc_column_container\"><div class=\"vc_column-inner\"><div class=\"wpb_wrapper\"><div class=\"wpb_text_column\"><div class=\"wpb_wrapper\"><h1>31e TRIAL KLEIGROEVE &#8211; INSCRIPTION<\/h1>\n<h1>Samedi 19 &#8211; Dimanche 20 augustus 2023<\/h1>\n<p>LOCALISATION DU SITE : Nieuw Egemseweg (rue lat\u00e9rale Brugsesteenweg N50 Courtrai-Brugge pr\u00e8s de la tour de t\u00e9l\u00e9vision) 8740 Pittem (sous-commune d&rsquo;Egem) Belgique.<\/p>\n<p>Samedi 19 ao\u00fbt :<br \/>\nInscriptions : Uniquement sur place au secr\u00e9tariat du concours, le samedi \u00e0 partir de 8h30 sous le chapiteau sur le terrain.<br \/>\nPrix \u200b\u200bd&rsquo;inscription : 25 \u20ac.<br \/>\nLicences&nbsp;:<br \/>\n&#8211; Titulaires d&rsquo;une licence d&rsquo;essai BMB, KNMV, etc., conform\u00e9ment \u00e0 la FIM Europe<br \/>\n&#8211; Licence r\u00e9gionale trial Motorsport Flanders<br \/>\n&#8211; Licence journ\u00e9e (15\u20ac), Peut \u00eatre prise en charge sur place ou vous pouvez t\u00e9l\u00e9charger le formulaire \u00e0 l&rsquo;avance, le remplir \u00e0 domicile puis l&rsquo;apporter avec vous sur le match. Forme : Adulte &#8211; Mineur. Veuillez remplir le formulaire de demande correctement et compl\u00e8tement. N&rsquo;oubliez pas de vous munir d&rsquo;une copie recto-verso de votre carte d&rsquo;identit\u00e9 ou de la faire retirer sur place. Paiement en esp\u00e8ces le jour du match.<br \/>\nD\u00c9BUT : Samedi \u00e0 11h00 &#8211; 4 rondes de 8 non-stop par match.<br \/>\n\u00c9PREUVES : Selon l&rsquo;Open West Flemish Championship Trial Championship 2023 : classiques (vert), newcomers (bleu), newbies (vert), juniors (blanc), nationaux (rouge), inters &amp; inters+ (jaune), &amp; 2 classes s\u00e9par\u00e9es pour 40+, messieurs (blanc) et utilisateurs r\u00e9cr\u00e9atifs (vert).<\/p>\n<p>Dimanche 20 ao\u00fbt :<br \/>\nInscriptions : Uniquement sur place au secr\u00e9tariat du concours, le dimanche \u00e0 partir de 8h30 sous le chapiteau sur le terrain.<br \/>\nPrix \u200b\u200bd&rsquo;inscription : 25 \u20ac.<br \/>\nLicences&nbsp;:<br \/>\n&#8211; Titulaires d&rsquo;une licence d&rsquo;essai BMB, KNMV, etc., conform\u00e9ment \u00e0 la FIM Europe<br \/>\n&#8211; Licence r\u00e9gionale trial Motorsport Flanders<br \/>\n&#8211; Licence journ\u00e9e (15\u20ac), Peut \u00eatre prise en charge sur place ou vous pouvez t\u00e9l\u00e9charger le formulaire \u00e0 l&rsquo;avance, le remplir \u00e0 domicile puis l&rsquo;apporter avec vous sur le match. Forme : Adulte &#8211; Mineur. Veuillez remplir le formulaire de demande correctement et compl\u00e8tement. N&rsquo;oubliez pas de vous munir d&rsquo;une copie recto-verso de votre carte d&rsquo;identit\u00e9 ou de la faire retirer sur place. Paiement en esp\u00e8ces le jour du match.<br \/>\nCLASSES&nbsp;:&nbsp;Selon l&rsquo;Open West Flemish Championship Trial Championship 2023&nbsp;: classiques (vert), newcomers (bleu), newcomers (vert), juniors (blanc), nationaux (rouge), inters &amp; inters+ (jaune), &amp; 2 classes s\u00e9par\u00e9es pour 40+, messieurs (blanc) et utilisateurs r\u00e9cr\u00e9atifs (vert).<br \/>\nDEPART : A partir de 11h00<\/p>\n<p>CAMPING&nbsp;:&nbsp;\u00c0 partir du vendredi 16h00, il y a acc\u00e8s au camping sur le site.<\/p>\n<p>PLUS D&rsquo;INFOS : inscription, participation, camping, exposant, etc., via la page contact<\/p>\n<\/div><\/div><\/div><\/div><\/div><\/div><\/div><\/section><section class=\"l-section wpb_row height_medium\"><div class=\"l-section-h i-cf\"><div class=\"g-cols vc_row via_flex valign_top type_default stacking_default\"><div class=\"vc_col-sm-12 wpb_column vc_column_container\"><div class=\"vc_column-inner\"><div class=\"wpb_wrapper\"><div class=\"g-cols wpb_row via_flex valign_top type_default stacking_default\"><div class=\"vc_col-sm-12 wpb_column vc_column_container\"><div class=\"vc_column-inner\"><div class=\"wpb_wrapper\"><div class=\"wpb_text_column\"><div class=\"wpb_wrapper\"><h3>La c\u00e9r\u00e9monie de remise des prix est toujours renforc\u00e9e par nos \u00e9l\u00e9gants Missen, qui sont particuli\u00e8rement pr\u00e9sents pour Trial Kleigroeve pendant tout le week-end.<\/h3>\n<\/div><\/div><\/div><\/div><\/div><\/div><div class=\"g-cols wpb_row via_flex valign_top type_default stacking_default\"><div class=\"vc_col-sm-4 wpb_column vc_column_container\"><div class=\"vc_column-inner\"><div class=\"wpb_wrapper\"><div class=\"wpb_text_column\"><div class=\"wpb_wrapper\"><h1>CATERING<\/h1>\n<p>Pendant tout le weekend des saucisses et des boissons sont en vente \u00e0 diff\u00e9rents lieux sur le terrain. Le samedi soir, les campeurs peuvent commander des frites au travers d&rsquo;un passage \u00e0 frire. Formulaire de demande d&rsquo;inscription le jour m\u00eame via Gery Vandevijvere.<\/p>\n<\/div><\/div><\/div><\/div><\/div><div class=\"vc_col-sm-4 wpb_column vc_column_container\"><div class=\"vc_column-inner\"><div class=\"wpb_wrapper\"><div class=\"w-image align_none us_animate_afc\"><div class=\"w-image-h\"><img decoding=\"async\" width=\"439\" height=\"300\" src=\"https:\/\/www.trialkleigroeve.be\/wp-content\/uploads\/2015\/06\/Bar2.jpg\" class=\"attachment-full size-full\" alt=\"\" loading=\"lazy\" srcset=\"https:\/\/www.trialkleigroeve.be\/wp-content\/uploads\/2015\/06\/Bar2.jpg 439w, https:\/\/www.trialkleigroeve.be\/wp-content\/uploads\/2015\/06\/Bar2-300x205.jpg 300w, https:\/\/www.trialkleigroeve.be\/wp-content\/uploads\/2015\/06\/Bar2-150x103.jpg 150w\" sizes=\"(max-width: 439px) 100vw, 439px\" \/><\/div><\/div><\/div><\/div><\/div><div class=\"vc_col-sm-4 wpb_column vc_column_container\"><div class=\"vc_column-inner\"><div class=\"wpb_wrapper\"><div class=\"w-image align_none us_animate_afr\"><div class=\"w-image-h\"><img decoding=\"async\" width=\"533\" height=\"351\" src=\"https:\/\/www.trialkleigroeve.be\/wp-content\/uploads\/2015\/06\/Bar2b.jpg\" class=\"attachment-full size-full\" alt=\"\" loading=\"lazy\" srcset=\"https:\/\/www.trialkleigroeve.be\/wp-content\/uploads\/2015\/06\/Bar2b.jpg 533w, https:\/\/www.trialkleigroeve.be\/wp-content\/uploads\/2015\/06\/Bar2b-300x198.jpg 300w, https:\/\/www.trialkleigroeve.be\/wp-content\/uploads\/2015\/06\/Bar2b-150x99.jpg 150w\" sizes=\"(max-width: 533px) 100vw, 533px\" \/><\/div><\/div><\/div><\/div><\/div><\/div><div class=\"g-cols wpb_row via_flex valign_top type_default stacking_default\"><div class=\"vc_col-sm-6 wpb_column vc_column_container\"><div class=\"vc_column-inner\"><div class=\"wpb_wrapper\"><div class=\"wpb_text_column\"><div class=\"wpb_wrapper\"><h1>TRIAL-VILLAGE<\/h1>\n<p>Le Trial-Village est compos\u00e9 de diff\u00e9rents postes d&rsquo;importateurs et de vendeurs de moteurs d&rsquo;essai et d&rsquo;accessoires. Vous trouverez les derniers mod\u00e8les ainsi que des moteurs d&rsquo;occasion, des v\u00eatements, des accessoires et bien plus encore. La tente de la cantine, les installations sanitaires, le secr\u00e9tariat, la sc\u00e8ne et les services d&rsquo;urgence y sont \u00e9galement log\u00e9s.<br \/>\n<a href=\"https:\/\/www.trialkleigroeve.be\/fr\/inscription-camping\/\">R\u00e9servez votre emplacement<\/a> (uniquement pour les participants des matchs).<\/p>\n<\/div><\/div><\/div><\/div><\/div><div class=\"vc_col-sm-6 wpb_column vc_column_container\"><div class=\"vc_column-inner\"><div class=\"wpb_wrapper\"><div class=\"w-image align_none us_animate_afc\"><div class=\"w-image-h\"><img decoding=\"async\" width=\"600\" height=\"402\" src=\"https:\/\/www.trialkleigroeve.be\/wp-content\/uploads\/2015\/06\/Trialdorp.jpg\" class=\"attachment-full size-full\" alt=\"\" loading=\"lazy\" srcset=\"https:\/\/www.trialkleigroeve.be\/wp-content\/uploads\/2015\/06\/Trialdorp.jpg 600w, https:\/\/www.trialkleigroeve.be\/wp-content\/uploads\/2015\/06\/Trialdorp-300x201.jpg 300w, https:\/\/www.trialkleigroeve.be\/wp-content\/uploads\/2015\/06\/Trialdorp-150x101.jpg 150w, https:\/\/www.trialkleigroeve.be\/wp-content\/uploads\/2015\/06\/Trialdorp-597x400.jpg 597w\" sizes=\"(max-width: 600px) 100vw, 600px\" \/><\/div><\/div><\/div><\/div><\/div><\/div><div class=\"g-cols wpb_row via_flex valign_top type_default stacking_default\"><div class=\"vc_col-sm-6 wpb_column vc_column_container\"><div class=\"vc_column-inner\"><div class=\"wpb_wrapper\"><div class=\"wpb_text_column\"><div class=\"wpb_wrapper\"><h1>KLEIGROEVE<\/h1>\n<p>Le Kleigroeve offre une gamme compl\u00e8te de non-stop de la terre au sable et de pierre en une v\u00e9ritable cascade! Le d\u00e9cor est agr\u00e9able de se promener autour comme un spectateur!<\/p>\n<p>&nbsp;<\/p>\n<\/div><\/div><\/div><\/div><\/div><div class=\"vc_col-sm-6 wpb_column vc_column_container\"><div class=\"vc_column-inner\"><div class=\"wpb_wrapper\"><div class=\"w-image align_none\"><div class=\"w-image-h\"><img decoding=\"async\" width=\"559\" height=\"308\" src=\"https:\/\/www.trialkleigroeve.be\/wp-content\/uploads\/2015\/06\/SectieBlokken.jpg\" class=\"attachment-full size-full\" alt=\"\" loading=\"lazy\" srcset=\"https:\/\/www.trialkleigroeve.be\/wp-content\/uploads\/2015\/06\/SectieBlokken.jpg 559w, https:\/\/www.trialkleigroeve.be\/wp-content\/uploads\/2015\/06\/SectieBlokken-300x165.jpg 300w, https:\/\/www.trialkleigroeve.be\/wp-content\/uploads\/2015\/06\/SectieBlokken-150x83.jpg 150w\" sizes=\"(max-width: 559px) 100vw, 559px\" \/><\/div><\/div><\/div><\/div><\/div><\/div><\/div><\/div><\/div><\/div><\/div><\/section>\n","protected":false},"excerpt":{"rendered":"[rev_slider_vc alias=\"info\"]31e TRIAL KLEIGROEVE &#8211; INSCRIPTION Samedi 19 &#8211; Dimanche 20 augustus 2023 LOCALISATION DU SITE : Nieuw Egemseweg (rue lat\u00e9rale Brugsesteenweg N50 Courtrai-Brugge pr\u00e8s de la tour de t\u00e9l\u00e9vision) 8740 Pittem (sous-commune d&rsquo;Egem) Belgique. Samedi 19 ao\u00fbt : Inscriptions : Uniquement sur place au secr\u00e9tariat du concours, le samedi \u00e0 partir de 8h30 sous...","protected":false},"author":1,"featured_media":4901,"parent":0,"menu_order":0,"comment_status":"closed","ping_status":"closed","template":"","meta":{"ngg_post_thumbnail":0,"footnotes":""},"_links":{"self":[{"href":"https:\/\/www.trialkleigroeve.be\/fr\/wp-json\/wp\/v2\/pages\/4267"}],"collection":[{"href":"https:\/\/www.trialkleigroeve.be\/fr\/wp-json\/wp\/v2\/pages"}],"about":[{"href":"https:\/\/www.trialkleigroeve.be\/fr\/wp-json\/wp\/v2\/types\/page"}],"author":[{"embeddable":true,"href":"https:\/\/www.trialkleigroeve.be\/fr\/wp-json\/wp\/v2\/users\/1"}],"replies":[{"embeddable":true,"href":"https:\/\/www.trialkleigroeve.be\/fr\/wp-json\/wp\/v2\/comments?post=4267"}],"version-history":[{"count":52,"href":"https:\/\/www.trialkleigroeve.be\/fr\/wp-json\/wp\/v2\/pages\/4267\/revisions"}],"predecessor-version":[{"id":5753,"href":"https:\/\/www.trialkleigroeve.be\/fr\/wp-json\/wp\/v2\/pages\/4267\/revisions\/5753"}],"wp:featuredmedia":[{"embeddable":true,"href":"https:\/\/www.trialkleigroeve.be\/fr\/wp-json\/wp\/v2\/media\/4901"}],"wp:attachment":[{"href":"https:\/\/www.trialkleigroeve.be\/fr\/wp-json\/wp\/v2\/media?parent=4267"}],"curies":[{"name":"wp","href":"https:\/\/api.w.org\/{rel}","templated":true}]}}